{"id":3388,"date":"2022-03-30T13:46:02","date_gmt":"2022-03-30T11:46:02","guid":{"rendered":"https:\/\/adonis-bpm.com\/blog\/"},"modified":"2025-07-21T11:33:25","modified_gmt":"2025-07-21T09:33:25","slug":"blog","status":"publish","type":"page","link":"https:\/\/adonis-bpm.com\/de\/blog\/","title":{"rendered":"Blog"},"content":{"rendered":"\t\t<div data-elementor-type=\"wp-page\" data-elementor-id=\"3388\" class=\"elementor elementor-3388 elementor-1050\" data-elementor-post-type=\"page\">\n\t\t\t\t\t\t<section class=\"elementor-section elementor-top-section elementor-element elementor-element-69ad147 elementor-section-full_width elementor-section-height-min-height elementor-section-height-default elementor-section-items-middle\" data-id=\"69ad147\" data-element_type=\"section\" data-e-type=\"section\" data-settings=\"{&quot;background_background&quot;:&quot;classic&quot;}\">\n\t\t\t\t\t\t\t<div class=\"elementor-background-overlay\"><\/div>\n\t\t\t\t\t\t\t<div class=\"elementor-container elementor-column-gap-default\">\n\t\t\t\t\t<div class=\"elementor-column elementor-col-100 elementor-top-column elementor-element elementor-element-96f371f\" data-id=\"96f371f\" data-element_type=\"column\" data-e-type=\"column\">\n\t\t\t<div class=\"elementor-widget-wrap elementor-element-populated\">\n\t\t\t\t\t\t<div class=\"elementor-element elementor-element-f559721 elementor-widget elementor-widget-heading\" data-id=\"f559721\" data-element_type=\"widget\" data-e-type=\"widget\" data-widget_type=\"heading.default\">\n\t\t\t\t<div class=\"elementor-widget-container\">\n\t\t\t\t\t<h2 class=\"elementor-heading-title elementor-size-default\">Blogs<\/h2>\t\t\t\t<\/div>\n\t\t\t\t<\/div>\n\t\t\t\t\t<\/div>\n\t\t<\/div>\n\t\t\t\t\t<\/div>\n\t\t<\/section>\n\t\t<div class=\"elementor-element elementor-element-14426e1 e-flex e-con-boxed e-con e-parent\" data-id=\"14426e1\" data-element_type=\"container\" data-e-type=\"container\">\n\t\t\t\t\t<div class=\"e-con-inner\">\n\t\t\t\t<div class=\"elementor-element elementor-element-bd43848 elementor-grid-3 elementor-grid-tablet-2 elementor-grid-mobile-1 elementor-posts--thumbnail-top elementor-posts--show-avatar elementor-card-shadow-yes elementor-posts__hover-gradient elementor-widget elementor-widget-posts\" data-id=\"bd43848\" data-element_type=\"widget\" data-e-type=\"widget\" data-settings=\"{&quot;cards_masonry&quot;:&quot;yes&quot;,&quot;cards_columns&quot;:&quot;3&quot;,&quot;cards_columns_tablet&quot;:&quot;2&quot;,&quot;cards_columns_mobile&quot;:&quot;1&quot;,&quot;cards_row_gap&quot;:{&quot;unit&quot;:&quot;px&quot;,&quot;size&quot;:35,&quot;sizes&quot;:[]},&quot;cards_row_gap_tablet&quot;:{&quot;unit&quot;:&quot;px&quot;,&quot;size&quot;:&quot;&quot;,&quot;sizes&quot;:[]},&quot;cards_row_gap_mobile&quot;:{&quot;unit&quot;:&quot;px&quot;,&quot;size&quot;:&quot;&quot;,&quot;sizes&quot;:[]}}\" data-widget_type=\"posts.cards\">\n\t\t\t\t<div class=\"elementor-widget-container\">\n\t\t\t\t\t\t\t<div class=\"elementor-posts-container elementor-posts elementor-posts--skin-cards elementor-grid\" role=\"list\">\n\t\t\t\t<article class=\"elementor-post elementor-grid-item post-3457 post type-post status-publish format-standard has-post-thumbnail hentry category-nicht-kategorisiert\" role=\"listitem\">\n\t\t\t<div class=\"elementor-post__card\">\n\t\t\t\t<a class=\"elementor-post__thumbnail__link\" href=\"https:\/\/adonis-bpm.com\/de\/intermedio-information-technology-erweitert-seine-globale-reichweite-durch-eine-strategische-partnerschaft\/\" tabindex=\"-1\" ><div class=\"elementor-post__thumbnail\"><img fetchpriority=\"high\" decoding=\"async\" width=\"1200\" height=\"675\" src=\"https:\/\/adonis-bpm.com\/wp-content\/uploads\/2025\/07\/New-Partnership_Intermedio-Information-Technology-x-BOC-Group-1200x675-1.png\" class=\"attachment-full size-full wp-image-3367\" alt=\"BOC-Group partnership\" srcset=\"https:\/\/adonis-bpm.com\/wp-content\/uploads\/2025\/07\/New-Partnership_Intermedio-Information-Technology-x-BOC-Group-1200x675-1.png 1200w, https:\/\/adonis-bpm.com\/wp-content\/uploads\/2025\/07\/New-Partnership_Intermedio-Information-Technology-x-BOC-Group-1200x675-1-300x169.png 300w, https:\/\/adonis-bpm.com\/wp-content\/uploads\/2025\/07\/New-Partnership_Intermedio-Information-Technology-x-BOC-Group-1200x675-1-1024x576.png 1024w, https:\/\/adonis-bpm.com\/wp-content\/uploads\/2025\/07\/New-Partnership_Intermedio-Information-Technology-x-BOC-Group-1200x675-1-768x432.png 768w\" sizes=\"(max-width: 1200px) 100vw, 1200px\" \/><\/div><\/a>\n\t\t\t\t<div class=\"elementor-post__badge\">Nicht kategorisiert<\/div>\n\t\t\t\t<div class=\"elementor-post__avatar\">\n\t\t\t\t\t<\/div>\n\t\t\t\t<div class=\"elementor-post__text\">\n\t\t\t\t<h3 class=\"elementor-post__title\">\n\t\t\t<a href=\"https:\/\/adonis-bpm.com\/de\/intermedio-information-technology-erweitert-seine-globale-reichweite-durch-eine-strategische-partnerschaft\/\" >\n\t\t\t\tIntermedio Information Technology erweitert seine globale Reichweite durch eine strategische Partnerschaft\t\t\t<\/a>\n\t\t<\/h3>\n\t\t\t\t<div class=\"elementor-post__excerpt\">\n\t\t\t<p>Intermedio Information Technology, ein Spezialist f\u00fcr die Integration von Gesch\u00e4ftsstrategie, Sicherheit und fortschrittlicher Prozessautomatisierung, hat eine strategische Partnerschaft mit der BOC Group angek\u00fcndigt. Diese Zusammenarbeit wird es Intermedio erm\u00f6glichen, die<\/p>\n\t\t<\/div>\n\t\t\n\t\t<a class=\"elementor-post__read-more\" href=\"https:\/\/adonis-bpm.com\/de\/intermedio-information-technology-erweitert-seine-globale-reichweite-durch-eine-strategische-partnerschaft\/\" aria-label=\"Read more about Intermedio Information Technology erweitert seine globale Reichweite durch eine strategische Partnerschaft\" tabindex=\"-1\" >\n\t\t\tMehr lesen \"\t\t<\/a>\n\n\t\t\t\t<\/div>\n\t\t\t\t\t<\/div>\n\t\t<\/article>\n\t\t\t\t<article class=\"elementor-post elementor-grid-item post-3468 post type-post status-publish format-standard has-post-thumbnail hentry category-adonis-bpm-de\" role=\"listitem\">\n\t\t\t<div class=\"elementor-post__card\">\n\t\t\t\t<a class=\"elementor-post__thumbnail__link\" href=\"https:\/\/adonis-bpm.com\/de\/adonis-17-0-prozessintelligenz-leicht-gemacht-videozusammenfassung-und-einblicke\/\" tabindex=\"-1\" ><div class=\"elementor-post__thumbnail\"><img decoding=\"async\" width=\"1920\" height=\"1080\" src=\"https:\/\/adonis-bpm.com\/wp-content\/uploads\/2025\/06\/Adonis-17-release.jpg\" class=\"attachment-full size-full wp-image-3363\" alt=\"\" srcset=\"https:\/\/adonis-bpm.com\/wp-content\/uploads\/2025\/06\/Adonis-17-release.jpg 1920w, https:\/\/adonis-bpm.com\/wp-content\/uploads\/2025\/06\/Adonis-17-release-300x169.jpg 300w, https:\/\/adonis-bpm.com\/wp-content\/uploads\/2025\/06\/Adonis-17-release-1024x576.jpg 1024w, https:\/\/adonis-bpm.com\/wp-content\/uploads\/2025\/06\/Adonis-17-release-768x432.jpg 768w, https:\/\/adonis-bpm.com\/wp-content\/uploads\/2025\/06\/Adonis-17-release-1536x864.jpg 1536w\" sizes=\"(max-width: 1920px) 100vw, 1920px\" \/><\/div><\/a>\n\t\t\t\t<div class=\"elementor-post__badge\">Adonis BPM<\/div>\n\t\t\t\t<div class=\"elementor-post__avatar\">\n\t\t\t\t\t<\/div>\n\t\t\t\t<div class=\"elementor-post__text\">\n\t\t\t\t<h3 class=\"elementor-post__title\">\n\t\t\t<a href=\"https:\/\/adonis-bpm.com\/de\/adonis-17-0-prozessintelligenz-leicht-gemacht-videozusammenfassung-und-einblicke\/\" >\n\t\t\t\tADONIS 17.0: Prozessintelligenz leicht gemacht &#8211; Videozusammenfassung und Einblicke\t\t\t<\/a>\n\t\t<\/h3>\n\t\t\t\t<div class=\"elementor-post__excerpt\">\n\t\t\t<p>ADONIS 17.0 markiert einen bedeutenden Meilenstein im Gesch\u00e4ftsprozessmanagement und verbindet Prozessintelligenz mit benutzerfreundlicher Einfachheit. Das offizielle Video der BOC Group stellt diese neueste Version als einen gro\u00dfen Sprung nach vorn<\/p>\n\t\t<\/div>\n\t\t\n\t\t<a class=\"elementor-post__read-more\" href=\"https:\/\/adonis-bpm.com\/de\/adonis-17-0-prozessintelligenz-leicht-gemacht-videozusammenfassung-und-einblicke\/\" aria-label=\"Read more about ADONIS 17.0: Prozessintelligenz leicht gemacht &#8211; Videozusammenfassung und Einblicke\" tabindex=\"-1\" >\n\t\t\tMehr lesen \"\t\t<\/a>\n\n\t\t\t\t<\/div>\n\t\t\t\t\t<\/div>\n\t\t<\/article>\n\t\t\t\t<article class=\"elementor-post elementor-grid-item post-3476 post type-post status-publish format-standard has-post-thumbnail hentry category-adonis-bpm-de category-nicht-kategorisiert\" role=\"listitem\">\n\t\t\t<div class=\"elementor-post__card\">\n\t\t\t\t<a class=\"elementor-post__thumbnail__link\" href=\"https:\/\/adonis-bpm.com\/de\/adonis-17-0-revolutionierung-des-geschaeftsprozessmanagements-mit-ki-und-einfachheit\/\" tabindex=\"-1\" ><div class=\"elementor-post__thumbnail\"><img decoding=\"async\" width=\"1200\" height=\"675\" src=\"https:\/\/adonis-bpm.com\/wp-content\/uploads\/2025\/06\/adonis17.jpg\" class=\"attachment-full size-full wp-image-3361\" alt=\"Adonis 17\" srcset=\"https:\/\/adonis-bpm.com\/wp-content\/uploads\/2025\/06\/adonis17.jpg 1200w, https:\/\/adonis-bpm.com\/wp-content\/uploads\/2025\/06\/adonis17-300x169.jpg 300w, https:\/\/adonis-bpm.com\/wp-content\/uploads\/2025\/06\/adonis17-1024x576.jpg 1024w, https:\/\/adonis-bpm.com\/wp-content\/uploads\/2025\/06\/adonis17-768x432.jpg 768w\" sizes=\"(max-width: 1200px) 100vw, 1200px\" \/><\/div><\/a>\n\t\t\t\t<div class=\"elementor-post__badge\">Adonis BPM<\/div>\n\t\t\t\t<div class=\"elementor-post__avatar\">\n\t\t\t\t\t<\/div>\n\t\t\t\t<div class=\"elementor-post__text\">\n\t\t\t\t<h3 class=\"elementor-post__title\">\n\t\t\t<a href=\"https:\/\/adonis-bpm.com\/de\/adonis-17-0-revolutionierung-des-geschaeftsprozessmanagements-mit-ki-und-einfachheit\/\" >\n\t\t\t\tADONIS 17.0: Revolutionierung des Gesch\u00e4ftsprozessmanagements mit KI und Einfachheit\t\t\t<\/a>\n\t\t<\/h3>\n\t\t\t\t<div class=\"elementor-post__excerpt\">\n\t\t\t<p>Die neueste Version von ADONIS, Version 17.0, stellt einen bedeutenden Fortschritt f\u00fcr Fachleute im Bereich Gesch\u00e4ftsprozessmanagement (BPM) und Unternehmen dar, die ihre Arbeitsabl\u00e4ufe optimieren, die Zusammenarbeit verbessern und modernste Technologien<\/p>\n\t\t<\/div>\n\t\t\n\t\t<a class=\"elementor-post__read-more\" href=\"https:\/\/adonis-bpm.com\/de\/adonis-17-0-revolutionierung-des-geschaeftsprozessmanagements-mit-ki-und-einfachheit\/\" aria-label=\"Read more about ADONIS 17.0: Revolutionierung des Gesch\u00e4ftsprozessmanagements mit KI und Einfachheit\" tabindex=\"-1\" >\n\t\t\tMehr lesen \"\t\t<\/a>\n\n\t\t\t\t<\/div>\n\t\t\t\t\t<\/div>\n\t\t<\/article>\n\t\t\t\t<article class=\"elementor-post elementor-grid-item post-3437 post type-post status-publish format-standard has-post-thumbnail hentry category-nicht-kategorisiert\" role=\"listitem\">\n\t\t\t<div class=\"elementor-post__card\">\n\t\t\t\t<a class=\"elementor-post__thumbnail__link\" href=\"https:\/\/adonis-bpm.com\/de\/pressemeldung-boc-group-kuendigt-wichtige-partnerschaft-mit-intermedio-information-technology-an\/\" tabindex=\"-1\" ><div class=\"elementor-post__thumbnail\"><img loading=\"lazy\" decoding=\"async\" width=\"706\" height=\"622\" src=\"https:\/\/adonis-bpm.com\/wp-content\/uploads\/2022\/04\/23.png\" class=\"attachment-full size-full wp-image-3285\" alt=\"\" srcset=\"https:\/\/adonis-bpm.com\/wp-content\/uploads\/2022\/04\/23.png 706w, https:\/\/adonis-bpm.com\/wp-content\/uploads\/2022\/04\/23-300x264.png 300w, https:\/\/adonis-bpm.com\/wp-content\/uploads\/2022\/04\/23-297x262.png 297w, https:\/\/adonis-bpm.com\/wp-content\/uploads\/2022\/04\/23-454x400.png 454w\" sizes=\"(max-width: 706px) 100vw, 706px\" \/><\/div><\/a>\n\t\t\t\t<div class=\"elementor-post__badge\">Nicht kategorisiert<\/div>\n\t\t\t\t<div class=\"elementor-post__avatar\">\n\t\t\t\t\t<\/div>\n\t\t\t\t<div class=\"elementor-post__text\">\n\t\t\t\t<h3 class=\"elementor-post__title\">\n\t\t\t<a href=\"https:\/\/adonis-bpm.com\/de\/pressemeldung-boc-group-kuendigt-wichtige-partnerschaft-mit-intermedio-information-technology-an\/\" >\n\t\t\t\tPressemeldung: BOC Group k\u00fcndigt wichtige Partnerschaft mit Intermedio Information Technology an\t\t\t<\/a>\n\t\t<\/h3>\n\t\t\t\t<div class=\"elementor-post__excerpt\">\n\t\t\t<p>Die BOC Group freut sich, eine wichtige Partnerschaft mit Intermedio Information Technology bekannt zu geben. Intermedio ist ein Beratungsunternehmen f\u00fcr digitale Transformation, das sich auf die Ausrichtung von Gesch\u00e4ftsstrategien, Prozessmanagement<\/p>\n\t\t<\/div>\n\t\t\n\t\t<a class=\"elementor-post__read-more\" href=\"https:\/\/adonis-bpm.com\/de\/pressemeldung-boc-group-kuendigt-wichtige-partnerschaft-mit-intermedio-information-technology-an\/\" aria-label=\"Read more about Pressemeldung: BOC Group k\u00fcndigt wichtige Partnerschaft mit Intermedio Information Technology an\" tabindex=\"-1\" >\n\t\t\tMehr lesen \"\t\t<\/a>\n\n\t\t\t\t<\/div>\n\t\t\t\t\t<\/div>\n\t\t<\/article>\n\t\t\t\t<article class=\"elementor-post elementor-grid-item post-3372 post type-post status-publish format-standard has-post-thumbnail hentry category-nicht-kategorisiert tag-adonis-de\" role=\"listitem\">\n\t\t\t<div class=\"elementor-post__card\">\n\t\t\t\t<a class=\"elementor-post__thumbnail__link\" href=\"https:\/\/adonis-bpm.com\/de\/adonis-bpm-im-gartner-magic-quadrant\/\" tabindex=\"-1\" ><div class=\"elementor-post__thumbnail\"><img loading=\"lazy\" decoding=\"async\" width=\"1400\" height=\"700\" src=\"https:\/\/adonis-bpm.com\/wp-content\/uploads\/2021\/07\/33-1400x700-1.jpg\" class=\"attachment-full size-full wp-image-3255\" alt=\"adonis in Gartner magic quadrant\" srcset=\"https:\/\/adonis-bpm.com\/wp-content\/uploads\/2021\/07\/33-1400x700-1.jpg 1400w, https:\/\/adonis-bpm.com\/wp-content\/uploads\/2021\/07\/33-1400x700-1-300x150.jpg 300w, https:\/\/adonis-bpm.com\/wp-content\/uploads\/2021\/07\/33-1400x700-1-1024x512.jpg 1024w, https:\/\/adonis-bpm.com\/wp-content\/uploads\/2021\/07\/33-1400x700-1-768x384.jpg 768w, https:\/\/adonis-bpm.com\/wp-content\/uploads\/2021\/07\/33-1400x700-1-1000x500.jpg 1000w, https:\/\/adonis-bpm.com\/wp-content\/uploads\/2021\/07\/33-1400x700-1-350x175.jpg 350w, https:\/\/adonis-bpm.com\/wp-content\/uploads\/2021\/07\/33-1400x700-1-800x400.jpg 800w\" sizes=\"(max-width: 1400px) 100vw, 1400px\" \/><\/div><\/a>\n\t\t\t\t<div class=\"elementor-post__badge\">Nicht kategorisiert<\/div>\n\t\t\t\t<div class=\"elementor-post__avatar\">\n\t\t\t\t\t<\/div>\n\t\t\t\t<div class=\"elementor-post__text\">\n\t\t\t\t<h3 class=\"elementor-post__title\">\n\t\t\t<a href=\"https:\/\/adonis-bpm.com\/de\/adonis-bpm-im-gartner-magic-quadrant\/\" >\n\t\t\t\tADONIS BPM im Gartner Magic Quadrant\t\t\t<\/a>\n\t\t<\/h3>\n\t\t\t\t<div class=\"elementor-post__excerpt\">\n\t\t\t<p>Exzellente Prozesse mit Intermedio und der BOC Group Unternehmen brauchen mehr als nur betriebliche Effizienz &#8211; sie brauchen Agilit\u00e4t, Transparenz und die F\u00e4higkeit, nachhaltig zu skalieren. ADONIS BPM, entwickelt von<\/p>\n\t\t<\/div>\n\t\t\n\t\t<a class=\"elementor-post__read-more\" href=\"https:\/\/adonis-bpm.com\/de\/adonis-bpm-im-gartner-magic-quadrant\/\" aria-label=\"Read more about ADONIS BPM im Gartner Magic Quadrant\" tabindex=\"-1\" >\n\t\t\tMehr lesen \"\t\t<\/a>\n\n\t\t\t\t<\/div>\n\t\t\t\t\t<\/div>\n\t\t<\/article>\n\t\t\t\t<article class=\"elementor-post elementor-grid-item post-3442 post type-post status-publish format-standard has-post-thumbnail hentry category-adonis-bpm-de\" role=\"listitem\">\n\t\t\t<div class=\"elementor-post__card\">\n\t\t\t\t<a class=\"elementor-post__thumbnail__link\" href=\"https:\/\/adonis-bpm.com\/de\/mehr-nachhaltigkeit-fuer-ihr-unternehmen-mit-adonis-bpm\/\" tabindex=\"-1\" ><div class=\"elementor-post__thumbnail\"><img loading=\"lazy\" decoding=\"async\" width=\"1900\" height=\"1069\" src=\"https:\/\/adonis-bpm.com\/wp-content\/uploads\/2022\/04\/22.jpeg\" class=\"attachment-full size-full wp-image-3273\" alt=\"business sustainability with adonis bpm\" srcset=\"https:\/\/adonis-bpm.com\/wp-content\/uploads\/2022\/04\/22.jpeg 1900w, https:\/\/adonis-bpm.com\/wp-content\/uploads\/2022\/04\/22-300x169.jpeg 300w, https:\/\/adonis-bpm.com\/wp-content\/uploads\/2022\/04\/22-1024x576.jpeg 1024w, https:\/\/adonis-bpm.com\/wp-content\/uploads\/2022\/04\/22-768x432.jpeg 768w, https:\/\/adonis-bpm.com\/wp-content\/uploads\/2022\/04\/22-1536x864.jpeg 1536w, https:\/\/adonis-bpm.com\/wp-content\/uploads\/2022\/04\/22-1000x563.jpeg 1000w, https:\/\/adonis-bpm.com\/wp-content\/uploads\/2022\/04\/22-350x197.jpeg 350w, https:\/\/adonis-bpm.com\/wp-content\/uploads\/2022\/04\/22-1244x700.jpeg 1244w, https:\/\/adonis-bpm.com\/wp-content\/uploads\/2022\/04\/22-711x400.jpeg 711w\" sizes=\"(max-width: 1900px) 100vw, 1900px\" \/><\/div><\/a>\n\t\t\t\t<div class=\"elementor-post__badge\">Adonis BPM<\/div>\n\t\t\t\t<div class=\"elementor-post__avatar\">\n\t\t\t\t\t<\/div>\n\t\t\t\t<div class=\"elementor-post__text\">\n\t\t\t\t<h3 class=\"elementor-post__title\">\n\t\t\t<a href=\"https:\/\/adonis-bpm.com\/de\/mehr-nachhaltigkeit-fuer-ihr-unternehmen-mit-adonis-bpm\/\" >\n\t\t\t\tMehr Nachhaltigkeit f\u00fcr Ihr Unternehmen mit Adonis BPM\t\t\t<\/a>\n\t\t<\/h3>\n\t\t\t\t<div class=\"elementor-post__excerpt\">\n\t\t\t<p>Mehr Nachhaltigkeit f\u00fcr Ihr Unternehmen mit Adonis BPM Die digitale Transformation ist kein Luxus mehr, sie ist eine Notwendigkeit. Da Unternehmen darum k\u00e4mpfen, wettbewerbsf\u00e4hig zu bleiben, ist die Integration von<\/p>\n\t\t<\/div>\n\t\t\n\t\t<a class=\"elementor-post__read-more\" href=\"https:\/\/adonis-bpm.com\/de\/mehr-nachhaltigkeit-fuer-ihr-unternehmen-mit-adonis-bpm\/\" aria-label=\"Read more about Mehr Nachhaltigkeit f\u00fcr Ihr Unternehmen mit Adonis BPM\" tabindex=\"-1\" >\n\t\t\tMehr lesen \"\t\t<\/a>\n\n\t\t\t\t<\/div>\n\t\t\t\t\t<\/div>\n\t\t<\/article>\n\t\t\t\t<article class=\"elementor-post elementor-grid-item post-3445 post type-post status-publish format-standard has-post-thumbnail hentry category-adonis-bpm-de\" role=\"listitem\">\n\t\t\t<div class=\"elementor-post__card\">\n\t\t\t\t<a class=\"elementor-post__thumbnail__link\" href=\"https:\/\/adonis-bpm.com\/de\/bpmn-2-modellierung-in-adonis-bpm\/\" tabindex=\"-1\" ><div class=\"elementor-post__thumbnail\"><img loading=\"lazy\" decoding=\"async\" width=\"779\" height=\"469\" src=\"https:\/\/adonis-bpm.com\/wp-content\/uploads\/2025\/05\/ADONIS-For-Business.png\" class=\"attachment-full size-full wp-image-3345\" alt=\"Adonis BPM with BPMN 2\" srcset=\"https:\/\/adonis-bpm.com\/wp-content\/uploads\/2025\/05\/ADONIS-For-Business.png 779w, https:\/\/adonis-bpm.com\/wp-content\/uploads\/2025\/05\/ADONIS-For-Business-300x181.png 300w, https:\/\/adonis-bpm.com\/wp-content\/uploads\/2025\/05\/ADONIS-For-Business-768x462.png 768w, https:\/\/adonis-bpm.com\/wp-content\/uploads\/2025\/05\/ADONIS-For-Business-350x211.png 350w, https:\/\/adonis-bpm.com\/wp-content\/uploads\/2025\/05\/ADONIS-For-Business-664x400.png 664w\" sizes=\"(max-width: 779px) 100vw, 779px\" \/><\/div><\/a>\n\t\t\t\t<div class=\"elementor-post__badge\">Adonis BPM<\/div>\n\t\t\t\t<div class=\"elementor-post__avatar\">\n\t\t\t\t\t<\/div>\n\t\t\t\t<div class=\"elementor-post__text\">\n\t\t\t\t<h3 class=\"elementor-post__title\">\n\t\t\t<a href=\"https:\/\/adonis-bpm.com\/de\/bpmn-2-modellierung-in-adonis-bpm\/\" >\n\t\t\t\tBPMN 2-Modellierung in Adonis BPM\t\t\t<\/a>\n\t\t<\/h3>\n\t\t\t\t<div class=\"elementor-post__excerpt\">\n\t\t\t<p>BPMN 2-Modellierung in Adonis BPM Immer mehr Unternehmen setzen auf Business Process Model and Notation (BPMN) 2.0 als Standard f\u00fcr die Modellierung ihrer Prozesse. BPMN 2.0 bietet eine grafische Darstellung,<\/p>\n\t\t<\/div>\n\t\t\n\t\t<a class=\"elementor-post__read-more\" href=\"https:\/\/adonis-bpm.com\/de\/bpmn-2-modellierung-in-adonis-bpm\/\" aria-label=\"Read more about BPMN 2-Modellierung in Adonis BPM\" tabindex=\"-1\" >\n\t\t\tMehr lesen \"\t\t<\/a>\n\n\t\t\t\t<\/div>\n\t\t\t\t\t<\/div>\n\t\t<\/article>\n\t\t\t\t<article class=\"elementor-post elementor-grid-item post-3441 post type-post status-publish format-standard has-post-thumbnail hentry category-adonis-bpm-de tag-adonis-de tag-bpm-de\" role=\"listitem\">\n\t\t\t<div class=\"elementor-post__card\">\n\t\t\t\t<a class=\"elementor-post__thumbnail__link\" href=\"https:\/\/adonis-bpm.com\/de\/einfuehrung-in-adonis-bpm\/\" tabindex=\"-1\" ><div class=\"elementor-post__thumbnail\"><img loading=\"lazy\" decoding=\"async\" width=\"779\" height=\"469\" src=\"https:\/\/adonis-bpm.com\/wp-content\/uploads\/2025\/05\/ADONIS-For-Business.png\" class=\"attachment-full size-full wp-image-3345\" alt=\"Adonis BPM with BPMN 2\" srcset=\"https:\/\/adonis-bpm.com\/wp-content\/uploads\/2025\/05\/ADONIS-For-Business.png 779w, https:\/\/adonis-bpm.com\/wp-content\/uploads\/2025\/05\/ADONIS-For-Business-300x181.png 300w, https:\/\/adonis-bpm.com\/wp-content\/uploads\/2025\/05\/ADONIS-For-Business-768x462.png 768w, https:\/\/adonis-bpm.com\/wp-content\/uploads\/2025\/05\/ADONIS-For-Business-350x211.png 350w, https:\/\/adonis-bpm.com\/wp-content\/uploads\/2025\/05\/ADONIS-For-Business-664x400.png 664w\" sizes=\"(max-width: 779px) 100vw, 779px\" \/><\/div><\/a>\n\t\t\t\t<div class=\"elementor-post__badge\">Adonis BPM<\/div>\n\t\t\t\t<div class=\"elementor-post__avatar\">\n\t\t\t\t\t<\/div>\n\t\t\t\t<div class=\"elementor-post__text\">\n\t\t\t\t<h3 class=\"elementor-post__title\">\n\t\t\t<a href=\"https:\/\/adonis-bpm.com\/de\/einfuehrung-in-adonis-bpm\/\" >\n\t\t\t\tEinf\u00fchrung in Adonis bpm\t\t\t<\/a>\n\t\t<\/h3>\n\t\t\t\t<div class=\"elementor-post__excerpt\">\n\t\t\t<p>Eine Einf\u00fchrung in Adonis BPM Unternehmen erkennen zunehmend die Bedeutung der digitalen Transformation als Mittel zur Steigerung der Wettbewerbsf\u00e4higkeit und zur F\u00f6rderung des Wachstums. Im Mittelpunkt dieser Transformation steht das<\/p>\n\t\t<\/div>\n\t\t\n\t\t<a class=\"elementor-post__read-more\" href=\"https:\/\/adonis-bpm.com\/de\/einfuehrung-in-adonis-bpm\/\" aria-label=\"Read more about Einf\u00fchrung in Adonis bpm\" tabindex=\"-1\" >\n\t\t\tMehr lesen \"\t\t<\/a>\n\n\t\t\t\t<\/div>\n\t\t\t\t\t<\/div>\n\t\t<\/article>\n\t\t\t\t<\/div>\n\t\t\n\t\t\t\t\t\t<\/div>\n\t\t\t\t<\/div>\n\t\t\t\t\t<\/div>\n\t\t\t\t<\/div>\n\t\t\t\t<\/div>\n\t\t","protected":false},"excerpt":{"rendered":"<p>Blogs<\/p>\n","protected":false},"author":1,"featured_media":0,"parent":0,"menu_order":0,"comment_status":"closed","ping_status":"closed","template":"","meta":{"footnotes":""},"class_list":["post-3388","page","type-page","status-publish","hentry"],"_links":{"self":[{"href":"https:\/\/adonis-bpm.com\/de\/wp-json\/wp\/v2\/pages\/3388","targetHints":{"allow":["GET"]}}],"collection":[{"href":"https:\/\/adonis-bpm.com\/de\/wp-json\/wp\/v2\/pages"}],"about":[{"href":"https:\/\/adonis-bpm.com\/de\/wp-json\/wp\/v2\/types\/page"}],"author":[{"embeddable":true,"href":"https:\/\/adonis-bpm.com\/de\/wp-json\/wp\/v2\/users\/1"}],"replies":[{"embeddable":true,"href":"https:\/\/adonis-bpm.com\/de\/wp-json\/wp\/v2\/comments?post=3388"}],"version-history":[{"count":1,"href":"https:\/\/adonis-bpm.com\/de\/wp-json\/wp\/v2\/pages\/3388\/revisions"}],"predecessor-version":[{"id":3389,"href":"https:\/\/adonis-bpm.com\/de\/wp-json\/wp\/v2\/pages\/3388\/revisions\/3389"}],"wp:attachment":[{"href":"https:\/\/adonis-bpm.com\/de\/wp-json\/wp\/v2\/media?parent=3388"}],"curies":[{"name":"wp","href":"https:\/\/api.w.org\/{rel}","templated":true}]}}